{"id":545,"date":"2024-09-26T09:59:55","date_gmt":"2024-09-26T07:59:55","guid":{"rendered":"https:\/\/www.rebag.cat\/inicio\/"},"modified":"2025-04-05T09:05:55","modified_gmt":"2025-04-05T07:05:55","slug":"inicio","status":"publish","type":"page","link":"https:\/\/www.rebag.cat\/es\/","title":{"rendered":"Inicio"},"content":{"rendered":"<p>[et_pb_section fb_built=\u00bb1&#8243; custom_padding_last_edited=\u00bboff|desktop\u00bb module_id=\u00bbseccion-inicio-slider-superior\u00bb _builder_version=\u00bb4.27.0&#8243; _module_preset=\u00bbdefault\u00bb background_color=\u00bbgcid-4a0b49a0-35f6-46a6-a1e8-e0433d56b785&#8243; background_image=\u00bbhttps:\/\/www.rebag.cat\/wp-content\/uploads\/2024\/09\/Slider-fons-bosses.jpg\u00bb min_height=\u00bb100vh\u00bb custom_padding=\u00bb0px||0px||true|false\u00bb custom_padding_tablet=\u00bb7vh||7vh||true|false\u00bb custom_padding_phone=\u00bb5vh||5vh||true|false\u00bb global_colors_info=\u00bb{%22gcid-4a0b49a0-35f6-46a6-a1e8-e0433d56b785%22:%91%22background_color%22%93}\u00bb][et_pb_row _builder_version=\u00bb4.27.0&#8243; _module_preset=\u00bbdefault\u00bb custom_padding=\u00bb30vh||30vh||true|false\u00bb global_colors_info=\u00bb{}\u00bb][et_pb_column type=\u00bb4_4&#8243; _builder_version=\u00bb4.27.0&#8243; _module_preset=\u00bbdefault\u00bb global_colors_info=\u00bb{}\u00bb][et_pb_text _builder_version=\u00bb4.27.0&#8243; _module_preset=\u00bbdefault\u00bb header_2_font=\u00bbMADE Soulmaze||||||||\u00bb header_2_text_align=\u00bbcenter\u00bb header_2_font_size=\u00bb50px\u00bb text_orientation=\u00bbcenter\u00bb max_width=\u00bb450px\u00bb max_width_tablet=\u00bb430px\u00bb max_width_phone=\u00bb400px\u00bb max_width_last_edited=\u00bbon|phone\u00bb module_alignment=\u00bbcenter\u00bb custom_margin=\u00bb10px||10px||false|false\u00bb header_2_font_size_tablet=\u00bb42px\u00bb header_2_font_size_phone=\u00bb32px\u00bb header_2_font_size_last_edited=\u00bbon|phone\u00bb global_colors_info=\u00bb{}\u00bb]<\/p>\n<h2><span style=\"color: #f0f0f0;\">Recuerda<\/span> tu forma de comprar<\/h2>\n<p>[\/et_pb_text][et_pb_text _builder_version=\u00bb4.27.0&#8243; _module_preset=\u00bbdefault\u00bb header_2_font=\u00bbMADE Soulmaze||||||||\u00bb header_2_text_align=\u00bbcenter\u00bb header_2_font_size=\u00bb50px\u00bb text_orientation=\u00bbcenter\u00bb max_width=\u00bb450px\u00bb max_width_tablet=\u00bb430px\u00bb max_width_phone=\u00bb400px\u00bb max_width_last_edited=\u00bbon|phone\u00bb module_alignment=\u00bbcenter\u00bb custom_margin=\u00bb10px||10px||false|false\u00bb header_2_font_size_tablet=\u00bb42px\u00bb header_2_font_size_phone=\u00bb32px\u00bb header_2_font_size_last_edited=\u00bbon|phone\u00bb global_colors_info=\u00bb{}\u00bb]<\/p>\n<h2><span style=\"color: #f0f0f0;\">Reduce<\/span> los residuos pl\u00e1sticos<\/h2>\n<p>[\/et_pb_text][et_pb_text _builder_version=\u00bb4.27.0&#8243; _module_preset=\u00bbdefault\u00bb header_2_font=\u00bbMADE Soulmaze||||||||\u00bb header_2_text_align=\u00bbcenter\u00bb header_2_font_size=\u00bb50px\u00bb text_orientation=\u00bbcenter\u00bb max_width=\u00bb450px\u00bb max_width_tablet=\u00bb430px\u00bb max_width_phone=\u00bb400px\u00bb max_width_last_edited=\u00bbon|phone\u00bb module_alignment=\u00bbcenter\u00bb custom_margin=\u00bb10px||10px||false|false\u00bb header_2_font_size_tablet=\u00bb42px\u00bb header_2_font_size_phone=\u00bb32px\u00bb header_2_font_size_last_edited=\u00bbon|phone\u00bb global_colors_info=\u00bb{}\u00bb]<\/p>\n<h2><span style=\"color: #f0f0f0;\">Reactiva<\/span> el comercio local<\/h2>\n<p>[\/et_pb_text][et_pb_text _builder_version=\u00bb4.27.0&#8243; _module_preset=\u00bbdefault\u00bb header_2_font=\u00bbMADE Soulmaze||||||||\u00bb header_2_text_align=\u00bbcenter\u00bb header_2_font_size=\u00bb50px\u00bb text_orientation=\u00bbcenter\u00bb max_width=\u00bb450px\u00bb max_width_tablet=\u00bb430px\u00bb max_width_phone=\u00bb400px\u00bb max_width_last_edited=\u00bbon|phone\u00bb module_alignment=\u00bbcenter\u00bb custom_margin=\u00bb10px||10px||false|false\u00bb header_2_font_size_tablet=\u00bb42px\u00bb header_2_font_size_phone=\u00bb32px\u00bb header_2_font_size_last_edited=\u00bbon|phone\u00bb global_colors_info=\u00bb{}\u00bb]<\/p>\n<h2><span style=\"color: #f0f0f0;\">Apoya<\/span> la econom\u00eda social<\/h2>\n<p>[\/et_pb_text][et_pb_image src=\u00bbhttps:\/\/www.rebag.cat\/wp-content\/uploads\/2024\/09\/logo-rebag-negre.svg\u00bb title_text=\u00bbRebag\u00bb align=\u00bbcenter\u00bb _builder_version=\u00bb4.27.0&#8243; _module_preset=\u00bbdefault\u00bb max_width=\u00bb250px\u00bb max_width_tablet=\u00bb250px\u00bb max_width_phone=\u00bb200px\u00bb max_width_last_edited=\u00bbon|desktop\u00bb global_colors_info=\u00bb{}\u00bb][\/et_pb_image][\/et_pb_column][\/et_pb_row][\/et_pb_section][et_pb_section fb_built=\u00bb1&#8243; _builder_version=\u00bb4.27.0&#8243; _module_preset=\u00bbdefault\u00bb background_color=\u00bb#F0F0F0&#8243; global_colors_info=\u00bb{}\u00bb][et_pb_row column_structure=\u00bb2_5,3_5&#8243; _builder_version=\u00bb4.27.0&#8243; _module_preset=\u00bbdefault\u00bb global_colors_info=\u00bb{}\u00bb][et_pb_column type=\u00bb2_5&#8243; _builder_version=\u00bb4.27.0&#8243; _module_preset=\u00bbdefault\u00bb global_colors_info=\u00bb{}\u00bb][et_pb_image src=\u00bbhttps:\/\/www.rebag.cat\/wp-content\/uploads\/2024\/09\/Inici-bossa-efecte.png\u00bb title_text=\u00bbBolsas Rebag\u00bb _builder_version=\u00bb4.27.0&#8243; _module_preset=\u00bbdefault\u00bb animation_style=\u00bbzoom\u00bb animation_duration=\u00bb500ms\u00bb animation_intensity_zoom=\u00bb10%\u00bb animation_speed_curve=\u00bbease\u00bb global_colors_info=\u00bb{}\u00bb][\/et_pb_image][\/et_pb_column][et_pb_column type=\u00bb3_5&#8243; _builder_version=\u00bb4.27.0&#8243; _module_preset=\u00bbdefault\u00bb custom_padding=\u00bb|||5rem|false|false\u00bb custom_padding_tablet=\u00bb|||2rem|false|false\u00bb custom_padding_phone=\u00bb|||0rem|false|false\u00bb custom_padding_last_edited=\u00bbon|desktop\u00bb global_colors_info=\u00bb{}\u00bb][et_pb_text _builder_version=\u00bb4.27.0&#8243; _module_preset=\u00bbcb048a5d-de57-44f9-be0c-ebfecee39be0&#8243; max_width=\u00bb560px\u00bb global_colors_info=\u00bb{}\u00bb]<\/p>\n<p>Rebag es un servicio de pr\u00e9stamo de bolsas reutilizables, dise\u00f1ado para reducir el uso de bolsas desechables y mitigar el impacto ambiental. Rebag promueve la econom\u00eda circular y la econom\u00eda social, ofreci\u00e9ndote una alternativa sostenible y pr\u00e1ctica para cuando vas a comprar.<\/p>\n<p>[\/et_pb_text][et_pb_button button_url=\u00bb@ET-DC@eyJkeW5hbWljIjp0cnVlLCJjb250ZW50IjoicG9zdF9saW5rX3VybF9wYWdlIiwic2V0dGluZ3MiOnsicG9zdF9pZCI6IjE1OCIsImVuYWJsZV9odG1sIjoib2ZmIn19@\u00bb button_text=\u00bb\u00a1Empieza a utilizar Rebag!\u00bb _builder_version=\u00bb4.27.0&#8243; _dynamic_attributes=\u00bbbutton_url\u00bb _module_preset=\u00bbdefault\u00bb global_colors_info=\u00bb{}\u00bb][\/et_pb_button][\/et_pb_column][\/et_pb_row][\/et_pb_section][et_pb_section fb_built=\u00bb1&#8243; _builder_version=\u00bb4.27.0&#8243; _module_preset=\u00bbdefault\u00bb background_color=\u00bbgcid-0b2a3305-dd3a-49d8-9d6e-dbcacf55a476&#8243; animation_style=\u00bbslide\u00bb animation_direction=\u00bbbottom\u00bb animation_duration=\u00bb500ms\u00bb animation_intensity_slide=\u00bb10%\u00bb animation_speed_curve=\u00bbease\u00bb global_colors_info=\u00bb{%22gcid-0b2a3305-dd3a-49d8-9d6e-dbcacf55a476%22:%91%22background_color%22%93}\u00bb][et_pb_row column_structure=\u00bb2_5,3_5&#8243; _builder_version=\u00bb4.27.0&#8243; _module_preset=\u00bbdefault\u00bb global_colors_info=\u00bb{}\u00bb][et_pb_column type=\u00bb2_5&#8243; _builder_version=\u00bb4.27.0&#8243; _module_preset=\u00bbdefault\u00bb global_colors_info=\u00bb{}\u00bb][et_pb_heading title=\u00bbReduce los residuos pl\u00e1sticos\u00bb _builder_version=\u00bb4.27.0&#8243; _module_preset=\u00bbdefault\u00bb title_level=\u00bbh3&#8243; title_text_color=\u00bb#F0F0F0&#8243; title_font_size=\u00bb24px\u00bb title_line_height=\u00bb1.1em\u00bb max_width=\u00bb400px\u00bb global_colors_info=\u00bb{}\u00bb][\/et_pb_heading][et_pb_text _builder_version=\u00bb4.27.0&#8243; _module_preset=\u00bbdefault\u00bb text_font_size=\u00bb1.3rem\u00bb background_layout=\u00bbdark\u00bb max_width=\u00bb450px\u00bb global_colors_info=\u00bb{}\u00bb]<\/p>\n<p>Cada bolsa Rebag tiene una media de 400 usos. Gracias a la puesta en circulaci\u00f3n de Rebag, hemos evitado el uso de un gran n\u00famero de bolsas de pl\u00e1stico y papel desechables.<\/p>\n<p>[\/et_pb_text][et_pb_button button_url=\u00bb@ET-DC@eyJkeW5hbWljIjp0cnVlLCJjb250ZW50IjoicG9zdF9saW5rX3VybF9wYWdlIiwic2V0dGluZ3MiOnsicG9zdF9pZCI6IjE1OCIsImVuYWJsZV9odG1sIjoib2ZmIn19@\u00bb button_text=\u00bb\u00a1Empieza a utilizar Rebag!\u00bb _builder_version=\u00bb4.27.0&#8243; _dynamic_attributes=\u00bbbutton_url\u00bb _module_preset=\u00bb0df99a1f-4af9-471a-990a-fdf91433f788&#8243; global_colors_info=\u00bb{}\u00bb][\/et_pb_button][\/et_pb_column][et_pb_column type=\u00bb3_5&#8243; _builder_version=\u00bb4.27.0&#8243; _module_preset=\u00bbdefault\u00bb custom_padding=\u00bb|||5rem|false|false\u00bb custom_padding_tablet=\u00bb|||0rem|false|false\u00bb custom_padding_phone=\u00bb|||0rem|false|false\u00bb custom_padding_last_edited=\u00bbon|desktop\u00bb global_colors_info=\u00bb{}\u00bb][et_pb_text module_id=\u00bbtext-comptador-numero-bosses-evitades\u00bb _builder_version=\u00bb4.27.0&#8243; _module_preset=\u00bbdefault\u00bb text_font=\u00bbMADE Soulmaze||||||||\u00bb text_font_size=\u00bb120px\u00bb text_line_height=\u00bb90px\u00bb background_layout=\u00bbdark\u00bb animation_style=\u00bbflip\u00bb animation_duration=\u00bb700ms\u00bb animation_delay=\u00bb450ms\u00bb animation_intensity_flip=\u00bb100%\u00bb animation_speed_curve=\u00bbease\u00bb text_font_size_tablet=\u00bb85px\u00bb text_font_size_phone=\u00bb60px\u00bb text_font_size_last_edited=\u00bbon|desktop\u00bb text_line_height_tablet=\u00bb70px\u00bb text_line_height_phone=\u00bb60px\u00bb text_line_height_last_edited=\u00bbon|phone\u00bb global_colors_info=\u00bb{}\u00bb]<\/p>\n<p>148.800<\/p>\n<p>[\/et_pb_text][et_pb_heading title=\u00bbBolsas desechables evitadas\u00bb _builder_version=\u00bb4.27.0&#8243; _module_preset=\u00bbdefault\u00bb title_level=\u00bbh3&#8243; title_text_color=\u00bb#F0F0F0&#8243; title_font_size=\u00bb24px\u00bb title_line_height=\u00bb1.1em\u00bb max_width=\u00bb400px\u00bb animation_style=\u00bbflip\u00bb animation_duration=\u00bb700ms\u00bb animation_delay=\u00bb600ms\u00bb animation_intensity_flip=\u00bb100%\u00bb animation_speed_curve=\u00bbease\u00bb global_colors_info=\u00bb{}\u00bb][\/et_pb_heading][et_pb_image src=\u00bbhttps:\/\/www.rebag.cat\/wp-content\/uploads\/2024\/09\/Inici-ma-cursor.png\u00bb module_id=\u00bbimatge-inici-ma-animacio\u00bb module_class=\u00bbelement-draggable\u00bb _builder_version=\u00bb4.27.0&#8243; _module_preset=\u00bbdefault\u00bb positioning=\u00bbabsolute\u00bb position_origin_a=\u00bbbottom_right\u00bb vertical_offset=\u00bb-35%\u00bb horizontal_offset=\u00bb20%\u00bb vertical_offset_tablet=\u00bb-40%\u00bb vertical_offset_phone=\u00bb-30%\u00bb vertical_offset_last_edited=\u00bbon|phone\u00bb horizontal_offset_tablet=\u00bb10%\u00bb horizontal_offset_phone=\u00bb-16%\u00bb horizontal_offset_last_edited=\u00bbon|desktop\u00bb width=\u00bb250px\u00bb width_tablet=\u00bb200px\u00bb width_phone=\u00bb150px\u00bb width_last_edited=\u00bbon|phone\u00bb global_colors_info=\u00bb{}\u00bb][\/et_pb_image][\/et_pb_column][\/et_pb_row][\/et_pb_section]<\/p>\n","protected":false},"excerpt":{"rendered":"<p>Rebag es un servicio de pr\u00e9stamo de bolsas reutilizables, dise\u00f1ado para reducir el uso de bolsas desechables y mitigar el impacto ambiental. Rebag promueve la econom\u00eda circular y la econom\u00eda social, ofreci\u00e9ndote una alternativa sostenible y pr\u00e1ctica para cuando vas a comprar.<\/p>\n","protected":false},"author":1,"featured_media":448,"parent":0,"menu_order":1,"comment_status":"closed","ping_status":"closed","template":"","meta":{"_et_pb_use_builder":"on","_et_pb_old_content":"","_et_gb_content_width":"","inline_featured_image":false,"footnotes":""},"class_list":["post-545","page","type-page","status-publish","has-post-thumbnail","hentry"],"_links":{"self":[{"href":"https:\/\/www.rebag.cat\/es\/wp-json\/wp\/v2\/pages\/545","targetHints":{"allow":["GET"]}}],"collection":[{"href":"https:\/\/www.rebag.cat\/es\/wp-json\/wp\/v2\/pages"}],"about":[{"href":"https:\/\/www.rebag.cat\/es\/wp-json\/wp\/v2\/types\/page"}],"author":[{"embeddable":true,"href":"https:\/\/www.rebag.cat\/es\/wp-json\/wp\/v2\/users\/1"}],"replies":[{"embeddable":true,"href":"https:\/\/www.rebag.cat\/es\/wp-json\/wp\/v2\/comments?post=545"}],"version-history":[{"count":6,"href":"https:\/\/www.rebag.cat\/es\/wp-json\/wp\/v2\/pages\/545\/revisions"}],"predecessor-version":[{"id":617,"href":"https:\/\/www.rebag.cat\/es\/wp-json\/wp\/v2\/pages\/545\/revisions\/617"}],"wp:featuredmedia":[{"embeddable":true,"href":"https:\/\/www.rebag.cat\/es\/wp-json\/wp\/v2\/media\/448"}],"wp:attachment":[{"href":"https:\/\/www.rebag.cat\/es\/wp-json\/wp\/v2\/media?parent=545"}],"curies":[{"name":"wp","href":"https:\/\/api.w.org\/{rel}","templated":true}]}}